{"id":517,"date":"2016-03-23T20:59:57","date_gmt":"2016-03-23T19:59:57","guid":{"rendered":"http:\/\/www.mondeando.com\/?page_id=517"},"modified":"2016-03-23T20:59:57","modified_gmt":"2016-03-23T19:59:57","slug":"informativa-estesa-per-utilizzo-di-cookie-tecnici-e-di-terze-parti","status":"publish","type":"page","link":"https:\/\/www.mondeando.com\/vivereviaggiando\/informativa-estesa-per-utilizzo-di-cookie-tecnici-e-di-terze-parti\/","title":{"rendered":"Informativa estesa per utilizzo di cookie tecnici e di terze parti"},"content":{"rendered":"<h4>AVVISO<\/h4>\n<p style=\"text-align: justify;\">Si tratta di un\u2019informativa che \u00e8 resa, ai sensi dell\u2019art. 13 e 122 del d.lgs. n. 196\/2003 \u2013 Codice in materia di protezione dei dati personali, nonch\u00e9 in base a quanto previsto dal Provvedimento generale del Garante privacy dell\u20198 maggio 2014 a coloro che visiteranno il sito<em> <strong>www.mondeando.com<\/strong><\/em><br \/>\nL\u2019informativa si ispira anche alla Raccomandazione n. 2\/2001, che le autorit\u00e0 europee per la protezione dei dati personali, riunite nel Gruppo istituito dall\u2019art. 29 della direttiva n. 95\/46\/CE, hanno adottato il 17 maggio 2001 per individuare alcuni requisiti minimi per la raccolta di dati personali online e, in particolare, le modalit\u00e0, i tempi e la natura delle informazioni che i titolari del trattamento devono fornire agli utenti quando questi si collegano a pagine web, indipendentemente dagli scopi del collegamento.<\/p>\n<h4>TIPI DI DATI TRATTATI<\/h4>\n<p style=\"text-align: justify;\">Mondeando.com, in qualit\u00e0 di titolare del trattamento, rende noto che a seguito dell\u2019inserimento di proprie informazioni su questo sito possono essere trattati dati relativi a persone identificate o identificabili.<\/p>\n<h4>FINALITA&#8217; DI UTILIZZO DEI COOKIE<\/h4>\n<p style=\"text-align: justify;\">Il sito utilizza alcuni cookie per rendere i propri servizi semplici da navigare e fruire in modo efficiente delle pagine web. I cookie utilizzati consentono inoltre di migliorare il servizio reso agli utenti, rendendo pi\u00f9 efficace l\u2019uso dello stesso e\/o abilitando determinate funzionalit\u00e0.<\/p>\n<h4>COOKIE UTILIZZATI<\/h4>\n<p style=\"text-align: justify;\">Il sito utilizza due tipi di cookie: cookie tecnici e cookie di terze parti<\/p>\n<h4>COOKIE TECNICI<\/h4>\n<p style=\"text-align: justify;\">Il sito utilizza cookie tecnici gestiti direttamente dal sito. Pi\u00f9 precisamente:<\/p>\n<ul style=\"text-align: justify;\">\n<li>cookie tecnici di sessione\/navigazione strettamente necessari per consentire la navigazione da parte dell\u2019utente e in assenza di tali cookie, il sito web non potrebbe funzionare correttamente. L\u2019uso di cookies di sessione (che non vengono memorizzati in modo persistente sul computer dell\u2019utente e svaniscono con la chiusura del browser) \u00e8 strettamente limitato alla trasmissione di identificativi di sessione (costituiti da numeri casuali generati dal server) necessari per consentire l\u2019esplorazione sicura ed efficiente del sito. I cookies di sessione utilizzati in questo sito evitano il ricorso ad altre tecniche informatiche potenzialmente pregiudizievoli per la riservatezza della navigazione degli utenti e non consentono l\u2019acquisizione di dati personali identificativi dell\u2019utente.<\/li>\n<li>cookie tecnici di funzionalit\u00e0 utilizzati per migliorare l\u2019esperienza di navigazione delle pagine web in funzione di una serie di criteri selezionati. In particolare sono utilizzati per tenere traccia di alcune preferenze espresse dall\u2019utente (es: informazioni relative alla lingua)<\/li>\n<li>cookie analitici\/di monitoraggio utilizzati per collezionare informazioni sull\u2019uso del sito. Nello specifico vengono utilizzati per raccogliere informazioni, in forma aggregata, sul numero degli utenti e su come gli stessi visitano il sito. Il gestore del sito user\u00e0 queste informazioni per effettuare analisi statistiche anonime al fine di migliorare l\u2019utilizzo del sito e per rendere i contenuti pi\u00f9 interessanti e attinenti ai desideri dell\u2019utenza. I cookie analitici\/di monitoraggio possono essere disabilitati senza nessuna conseguenza sulla navigazione del sito. Per disabilitarli si veda la sezione successiva \u201cCome disabilitare i cookie\u201d. I dati personali sono cancellati subito dopo la relativa elaborazione statistica.<\/li>\n<\/ul>\n<h4>COOKIE ANALITICI\/DI MONITORAGGIO DI TERZE PARTI<\/h4>\n<p style=\"text-align: justify;\">Il sito si pu\u00f2 avvalere di elementi (immagini, mappe, suoni, specifici link a pagine web di altri domini, ecc.) che risiedono su server diversi dal presente sito.<\/p>\n<p style=\"text-align: justify;\">In particolare, il sito potrebbe utilizzare\u00a0i seguenti cookie di terze parti:<\/p>\n<h4>GOOGLE ANALYTICS<\/h4>\n<p style=\"text-align: justify;\">Il sito si avvale del servizio Google Analytics della societ\u00e0 Google, Inc. (di seguito \u201cGoogle\u201d) per la generazione di statistiche sull\u2019utilizzo dei siti web; Google Analytics utilizza cookie (non di terze parti) che non memorizzano dati personali. Le informazioni ricavabili dai cookie sull\u2019utilizzo del sito web da parte degli utenti (compresi gli indirizzi IP) verranno trasmesse dal browser dell\u2019utente a Google, con sede a 1600 Amphitheatre Parkway, Mountain View, CA 94043, Stati Uniti, e depositate presso i server della societ\u00e0 stessa. In particolare, di seguito trovi i cookies utilizzati da Google Analytics:<\/p>\n<table>\n<tbody>\n<tr>\n<td>Nome del Cookie<\/td>\n<td>Durata<\/td>\n<\/tr>\n<tr>\n<td>__utma<\/td>\n<td>2 anni<\/td>\n<\/tr>\n<tr>\n<td>__utmb<\/td>\n<td>30 minuti<\/td>\n<\/tr>\n<tr>\n<td>__utmc<\/td>\n<td>Sessione<\/td>\n<\/tr>\n<tr>\n<td>__utmt<\/td>\n<td>10 minuti<\/td>\n<\/tr>\n<tr>\n<td>__utmz<\/td>\n<td>6 mesi<\/td>\n<\/tr>\n<tr>\n<td>_ga<\/td>\n<td>2 anni<\/td>\n<\/tr>\n<tr>\n<td>_gat<\/td>\n<td>10 minuti<\/td>\n<\/tr>\n<\/tbody>\n<\/table>\n<p>Utilizzando il sito si acconsente al trattamento dei propri dati da parte di Google per le modalit\u00e0 e i fini sopra indicati.<\/p>\n<p>Secondo i <a href=\"http:\/\/www.google.com\/analytics\/terms\/it.html\">termini di servizio<\/a> in essere, Google utilizzer\u00e0 queste informazioni, in qualit\u00e0 di titolare autonomo del trattamento, allo scopo di tracciare e esaminare l\u2019utilizzo del sito web, compilare report sulle attivit\u00e0 del sito ad uso degli operatori del sito stesso e fornire altri servizi relativi alle attivit\u00e0 del sito web, alle modalit\u00e0 di connessione (mobile, pc, browser utilizzato etc.) e alle modalit\u00e0 di ricerca e raggiungimento delle pagine web di questo sito. Google pu\u00f2 anche trasferire queste informazioni a terzi ove ci\u00f2 sia imposto dalla legge o laddove tali terzi trattino le suddette informazioni per conto di Google. Google non assocer\u00e0 gli indirizzi IP a nessun altro dato posseduto da Google.<\/p>\n<p>Per consultare l\u2019informativa privacy della societ\u00e0 Google, relativa al servizio Google Analytics, si prega di visitare il sito Internet <a href=\"http:\/\/www.google.com\/intl\/en\/analytics\/privacyoverview.html\">privacyoverview<\/a>.<\/p>\n<p>Per conoscere le norme sulla privacy di Google, si invita a vistare il sito Internet\u00a0<a href=\"http:\/\/www.google.com\/intl\/it\/privacy\/privacy-policy.html\">privacy-policy<\/a>.<\/p>\n<p>I cookie di monitoraggio possono essere disabilitati senza nessuna conseguenza sulla navigazione dei siti web: per disabilitarli si veda la sezione successiva \u201cCome disabilitare i cookie mediante configurazione del browser (opt-out)\u201d.<\/p>\n<h4>SOCIAL MEDIA<\/h4>\n<p>Questa tipologia di cookie integra funzionalit\u00e0 sviluppate da terzi all\u2019interno delle pagine del Sito come le icone e le preferenze espresse nei social network. Un esempio sono i \u201csocial plugin\u201d per Facebook, Twitter, Google+ e LinkedIn. Si tratta di parti della pagina visitata generate direttamente dai suddetti siti ed integrati nella pagina del sito ospitante. L\u2019utilizzo pi\u00f9 comune dei social plugin \u00e8 finalizzato alla condivisione dei contenuti sui social network.<\/p>\n<p>La presenza di questi plugin comporta la trasmissione di cookie da e verso tutti i siti gestiti da terze parti. La gestione delle informazioni raccolte da \u201cterze parti\u201d \u00e8\u00a0 disciplinata dalle relative informative cui si prega di fare riferimento. Per garantire una maggiore trasparenza e comodit\u00e0, si riportano qui di seguito\u00a0 gli indirizzi web delle diverse informative e delle modalit\u00e0 per la gestione dei cookie.<\/p>\n<p><strong>Facebook informativa: <\/strong> <a href=\"https:\/\/www.facebook.com\/help\/cookies\/\">Leggi<\/a><\/p>\n<p><strong>Twitter informative: <\/strong> <a href=\"https:\/\/support.twitter.com\/articles\/20170514\">Leggi<\/a><\/p>\n<p><strong>Linkedin informativa: <\/strong> <a href=\"https:\/\/www.linkedin.com\/legal\/cookie-policy\">Leggi<\/a><\/p>\n<p><strong>Google+ informativa: <\/strong> <a href=\"http:\/\/www.google.it\/intl\/it\/policies\/technologies\/cookies\/\">Leggi<\/a><\/p>\n<p><strong>Facebook (configurazione): <\/strong> accedere al proprio account. Sezione privacy<\/p>\n<p><strong>Twitter (configurazione): <\/strong> <a href=\"https:\/\/twitter.com\/settings\/security\">Leggi<\/a><\/p>\n<p><strong>Linkedin (configurazione): <\/strong> <a href=\"https:\/\/www.linkedin.com\/settings\/\">Leggi<\/a><\/p>\n<p><strong>Google+ (configurazione): <\/strong> <a href=\"http:\/\/www.google.it\/intl\/it\/policies\/technologies\/managing\/\">Leggi<\/a><\/p>\n<p><strong>Google Maps: <\/strong> <a href=\"http:\/\/www.google.it\/intl\/it\/policies\/technologies\/managing\/\">Leggi<\/a><\/p>\n<p><strong>Google Gmail: <\/strong> <a href=\"http:\/\/www.google.it\/intl\/it\/policies\/technologies\/managing\/\">Leggi<\/a><\/p>\n<p><strong>GoogleMaps:\u00a0<\/strong><a href=\"http:\/\/www.google.it\/intl\/it\/policies\/technologies\/managing\/\">Leggi<\/a><\/p>\n<p><strong>Pinterest:\u00a0<\/strong><a href=\"https:\/\/about.pinterest.com\/en\/privacy-policy\">Leggi<\/a><\/p>\n<h4>SITI WEB E SERVIZI DI TERZE PARTI<\/h4>\n<p>Il sito potrebbe contenere collegamenti ad altri siti web che dispongono di una propria informativa privacy. Mondeando.com\u00a0non risponde del trattamento dei dati svolto da tali siti.<\/p>\n<h4>PER DISABILITARE TUTTI I COOKIE<\/h4>\n<p>\u00c8 possibile negare il consenso all\u2019utilizzo dei cookie selezionando l\u2019impostazione appropriata sul proprio browser: la navigazione non autenticata sul sito sar\u00e0 comunque disponibile in tutte le sue funzionalit\u00e0.<\/p>\n<p>Si forniscono di seguito i link che spiegano come disabilitare i cookie per i browser pi\u00f9 diffusi (per altri browser eventualmente utilizzati suggeriamo di cercare questa opzione nell\u2019help del software).<\/p>\n<p><strong>Internet Explorer<\/strong>: <a href=\"http:\/\/windows.microsoft.com\/it-IT\/internet-explorer\/delete-manage-cookies#ie=ie-10\">Leggi<\/a><\/p>\n<p><strong>Google Chrome<\/strong>: <a href=\"https:\/\/support.google.com\/chrome\/answer\/95647?hl=it\">Leggi<\/a><\/p>\n<p><strong>Mozilla Firefox<\/strong>:\u00a0 <a href=\"http:\/\/support.mozilla.org\/it\/kb\/Gestione%20dei%20cookie?redirectlocale=en-US&amp;redirectslug=Cookies\">Leggi<\/a><\/p>\n<p><strong>Opera<\/strong>: <a href=\"http:\/\/help.opera.com\/Windows\/10.00\/it\/cookies.html\">Leggi<\/a><\/p>\n<p><strong>Apple Safari<\/strong>:\u00a0 <a href=\"http:\/\/www.apple.com\/it\/privacy\/use-of-cookies\/\">Leggi<\/a><\/p>\n<h4>PER DISABILITARE I COOKIE DI TERZE PARTI<\/h4>\n<p>La disattivazione dei cookie di terze parti \u00e8 inoltre possibile attraverso le modalit\u00e0 rese disponibili direttamente dalla societ\u00e0 terza titolare per detto trattamento, come indicato ai link riportati nel paragrafo \u201ccookie di terze parti\u201d.<\/p>\n<p>Per disabilitare soltanto i cookie di\u00a0Google Analytics \u00e8 possibile utilizzare il <a href=\"https:\/\/tools.google.com\/dlpage\/gaoptout?hl=it\">componente aggiuntivo<\/a> di opt-out fornito da Google per i browser principali. In questo modo sar\u00e0 possibile utilizzare anche i servizi on-line dei siti web in oggetto.<\/p>\n<h4>PER CANCELLARE I COOKIE GIA&#8217; MEMORIZZATI NEL TERMINALE<\/h4>\n<p>Anche se viene revocata l\u2019autorizzazione all\u2019utilizzo di cookie di terze parti, prima di tale revoca i cookie potrebbero essere stati memorizzati sul terminale dell\u2019utente. Per motivi tecnici non \u00e8 possibile cancellare tali cookie, tuttavia il browser dell\u2019utente consente la loro eliminazione tra le impostazioni sulla privacy. Le opzioni del browser contengono infatti l\u2019opzione \u201cCancella dati di navigazione\u201d che pu\u00f2 essere utilizzata per eliminare i cookies, dati di siti e plug-in.<\/p>\n<h4>DATI DI TRAFFICO TELEMATICO<\/h4>\n<p>I sistemi informatici e le procedure software preposte al funzionamento dei siti acquisiscono, nel corso del loro normale esercizio, alcuni dati personali la cui trasmissione \u00e8 implicita nell\u2019uso dei protocolli di comunicazione di Internet o \u00e8 utilizzata per migliorare la qualit\u00e0 del servizio offerto.<\/p>\n<p>Si tratta di informazioni che non sono raccolte per essere associate a interessati identificati, ma che per loro stessa natura potrebbero, attraverso elaborazioni ed associazioni, permettere di identificare gli utenti.<\/p>\n<p>In questa categoria di dati rientrano gli indirizzi IP o i nomi a dominio dei computer utilizzati dagli utenti che si connettono al sito, gli indirizzi in notazione URI (Uniform Resource Identifier) delle risorse richieste, l\u2019orario della richiesta, il metodo utilizzato nel sottoporre la richiesta al server, la dimensione del file ottenuto in risposta, il codice numerico indicante lo stato della risposta data dal server (buon fine, errore, ecc.) ed altri parametri relativi al sistema operativo e all\u2019ambiente informatico dell\u2019utente. Il conferimento dei dati \u00e8 obbligatorio. Tali dati sono conservati per sei mesi, salvo diverse disposizioni previste dalla normativa vigente.<\/p>\n<p>Questi dati vengono utilizzati al fine di ricavare informazioni statistiche anonime sull\u2019uso del sito e per controllare il corretto funzionamento dei sistemi informatici. I dati potrebbero essere utilizzati altres\u00ec per l\u2019accertamento di responsabilit\u00e0 in caso di ipotetici reati informatici o nel caso in cui si verifichino dei danni in capo all\u2019Ateneo o in capo a terzi. Tali dati possono essere comunicati all\u2019Autorit\u00e0 Giudiziaria nel caso di indagini, ispezioni, ecc.<\/p>\n<h4>DATI FORNITI VOLONTARIAMENTE DALL&#8217;UTENTE<\/h4>\n<p>L\u2019invio facoltativo, esplicito e volontario di posta elettronica, messaggi o qualsiasi tipo di comunicazioni indirizzai recapiti indicati sui siti in oggetto comporta la successiva acquisizione dell\u2019indirizzo del mittente o di eventuali altri dati personali che saranno utilizzati per rispondere alle richieste. Si assicura, che tale trattamento sar\u00e0 improntato ai principi di correttezza, liceit\u00e0 e trasparenza e di tutela della riservatezza come indicato nel decreto legislativo 196\/03.<br \/>\nSpecifiche informative di sintesi verranno progressivamente riportate o visualizzate nelle pagine dei siti predisposte per particolari servizi a richiesta.<\/p>\n<h4>FACOLTIVITA&#8217; DEL CONFERIMENTO DEI DATI<\/h4>\n<p>A parte quanto specificato per i cookie e i dati di navigazione, l\u2019utente \u00e8 libero di fornire i dati personali riportati nei moduli o nei form presenti sui siti in oggetto.<\/p>\n<p>Il loro mancato conferimento pu\u00f2 comportare l\u2019impossibilit\u00e0 di ottenere quanto richiesto.<\/p>\n<h4>MODALITA&#8217; DEL TRATTAMENTO<\/h4>\n<p>I dati personali sono trattati esclusivamente per fini istituzionali, con strumenti automatizzati per il tempo strettamente necessario a conseguire gli scopi per cui sono stati raccolti.<br \/>\nSpecifiche misure di sicurezza sono osservate per prevenire la perdita dei dati, usi illeciti o non corretti ed accessi non autorizzati.<\/p>\n<h4>DIRITTI DEGLI INTERESSATI<\/h4>\n<p>I soggetti cui si riferiscono i dati personali hanno il diritto in qualunque momento di ottenere la conferma dell\u2019esistenza o meno dei medesimi dati e di conoscerne il contenuto e l\u2019origine, verificarne l\u2019esattezza o chiederne l\u2019integrazione o l\u2019aggiornamento, oppure la rettificazione (articolo 7 del Codice in materia di protezione dei dati personali).<\/p>\n<p>Ai sensi del medesimo articolo si ha il diritto di chiedere la cancellazione, la trasformazione in forma anonima o il blocco dei dati trattati in violazione di legge, nonch\u00e9 di opporsi in ogni caso, per motivi legittimi, al loro trattamento.<\/p>\n<p>Le richieste vanno rivolte al Responsabile del trattamento sopra indicato.<\/p>\n<p>La presente Privacy Policy sar\u00e0 soggetta ad aggiornamenti.<\/p>\n","protected":false},"excerpt":{"rendered":"<p>AVVISO Si tratta di un\u2019informativa che \u00e8 resa, ai sensi dell\u2019art. 13 e 122 del d.lgs. n. 196\/2003 \u2013 Codice in materia di protezione dei dati personali, nonch\u00e9 in base a quanto previsto dal Provvedimento generale del Garante privacy dell\u20198 maggio 2014 a coloro che visiteranno il sito www.mondeando.com L\u2019informativa si ispira anche alla Raccomandazione <a class=\"read-more-link\" href=\"https:\/\/www.mondeando.com\/vivereviaggiando\/informativa-estesa-per-utilizzo-di-cookie-tecnici-e-di-terze-parti\/\">Read More<\/a><\/p>\n","protected":false},"author":2,"featured_media":0,"parent":0,"menu_order":0,"comment_status":"closed","ping_status":"closed","template":"","meta":{"footnotes":""},"class_list":["post-517","page","type-page","status-publish","hentry"],"_links":{"self":[{"href":"https:\/\/www.mondeando.com\/vivereviaggiando\/wp-json\/wp\/v2\/pages\/517","targetHints":{"allow":["GET"]}}],"collection":[{"href":"https:\/\/www.mondeando.com\/vivereviaggiando\/wp-json\/wp\/v2\/pages"}],"about":[{"href":"https:\/\/www.mondeando.com\/vivereviaggiando\/wp-json\/wp\/v2\/types\/page"}],"author":[{"embeddable":true,"href":"https:\/\/www.mondeando.com\/vivereviaggiando\/wp-json\/wp\/v2\/users\/2"}],"replies":[{"embeddable":true,"href":"https:\/\/www.mondeando.com\/vivereviaggiando\/wp-json\/wp\/v2\/comments?post=517"}],"version-history":[{"count":0,"href":"https:\/\/www.mondeando.com\/vivereviaggiando\/wp-json\/wp\/v2\/pages\/517\/revisions"}],"wp:attachment":[{"href":"https:\/\/www.mondeando.com\/vivereviaggiando\/wp-json\/wp\/v2\/media?parent=517"}],"curies":[{"name":"wp","href":"https:\/\/api.w.org\/{rel}","templated":true}]}}