{"id":2063,"date":"2019-01-15T18:17:55","date_gmt":"2019-01-15T18:17:55","guid":{"rendered":"https:\/\/www.mondeando.com\/vivereviaggiando\/?page_id=2063"},"modified":"2019-09-24T15:48:42","modified_gmt":"2019-09-24T15:48:42","slug":"community","status":"publish","type":"page","link":"https:\/\/www.mondeando.com\/vivereviaggiando\/community\/","title":{"rendered":"Community e consulenza viaggi &#8220;Fai da te&#8221;"},"content":{"rendered":"<h1><span style=\"font-size: 4.2rem;\">Vuoi diventare<\/span>\u00a0il nostro prossimo Viaggiatore? Entra nella nostra community.<\/h1>\n<p>Leggi il nostro Articolo <a href=\"https:\/\/www.mondeando.com\/vivereviaggiando\/wanderlust\/vivere-viaggiando\/\">&#8220;vivere viaggiando&#8221;<\/a> se ti rispecchi anche in solo uno dei nostri pensieri puoi continuare e compilare<span style=\"font-size: 1.6rem;\">\u00a0il formulario qui sotto, indicando come oggetto: PROGETTO DI VIAGGIO\u00a0<\/span><\/p>\n<p><span style=\"font-size: 1.6rem;\">\u00a0\u00a0<\/span>REQUISITI:<\/p>\n<ul>\n<li>Il viaggio dovr\u00e0 durare pi\u00f9 o meno dai 3 mesi in su.<\/li>\n<li>Verranno accettati viaggi brevi solo se estremamente particolari e rari.<\/li>\n<li>Abilit\u00e0 nell&#8217;utilizzo dei Social Network.<\/li>\n<li>Capacit\u00e0 di fare foto e video.<\/li>\n<li>Supporto tecnico fotografico di buon livello.<\/li>\n<li>Capaci\u00e0 nel realizzare contenuti di testo interessanti.<\/li>\n<\/ul>\n<p><span style=\"font-size: 1.6rem;\">Inviaci il tuo Progetto e gli indirizzi dei tuoi canali Social.\u00a0<\/span>Se verr\u00e0 accettato, ti forniremo le nostre credenziali, i nostri gadget e se interessati ti metteremo in contatto con i nostri sponsor tecnici.\u00a0 Inoltre a fine viaggio potrai decidere se far parte del nostro team di tour leader per i viaggi di gruppo di Mondeando.<\/p>\n<figure id=\"attachment_2938\" aria-describedby=\"caption-attachment-2938\" style=\"width: 1024px\" class=\"wp-caption alignnone\"><a href=\"https:\/\/www.mondeando.com\/vivereviaggiando\/wp-content\/uploads\/2019\/09\/DSC_1032-01_new.jpg\"><img loading=\"lazy\" decoding=\"async\" class=\"wp-image-2938 size-large\" src=\"https:\/\/www.mondeando.com\/vivereviaggiando\/wp-content\/uploads\/2019\/09\/DSC_1032-01_new-1024x771.jpg\" alt=\"Community\" width=\"1024\" height=\"771\" \/><\/a><figcaption id=\"caption-attachment-2938\" class=\"wp-caption-text\">Trekking a El Chalten, Patagonia Argentina<\/figcaption><\/figure>\n<h1>Vuoi costruire un viaggio &#8220;fai da te&#8221; attraverso la nostra consulenza?<\/h1>\n<p><em><span style=\"font-size: 1.6rem;\">L&#8217;america Latina \u00e8 sempre stata un tuo sogno e\u00a0 vuoi esplorarla in solitaria o con amici senza dover seguire un gruppo di sconosciuti?<br \/>\n<\/span>Vuoi intraprendere il viaggio della vita ma non sai da che parte cominciare?<\/em><br \/>\n<em>Non sai nulla sull&#8217;America Latina?<\/em><\/p>\n<p>NOI POSSIAMO CREARVI UN ITINERARIO SU MISURA<\/p>\n<p><span style=\"font-size: 1.6rem;\">Per consigli generici ti invitiamo a iscriverti al <strong>nostro gruppo Facebook<\/strong>\u00a0per interagire direttamente con la community Mondeando. (prossimamente). <\/span><\/p>\n<p><span style=\"font-size: 1.6rem;\">S<\/span><span style=\"font-size: 1.6rem;\">e desideri un vero e proprio itinerario c<\/span><span style=\"font-size: 1.6rem;\">ompila il formulario qui sotto, indicando come oggetto: CONSULENZA DI VIAGGIO e indica nel messaggio, l&#8217;area che si vuole visitare, il tipo di pacchetto e il numero di telefono, <strong>sarete contattati in meno di 24h tramite Whats&#8217;app per una prima consulenza gratuita.\u00a0<\/strong> Le consulenze avverranno telefonicamente via Whats&#8217;App o tramite Skype e attraverso l&#8217;invio di Mail. Gl<\/span><span style=\"font-size: 1.6rem;\">i itinerari che supereranno le 3 settimane verranno applicati dei costi extra.<\/span><\/p>\n<ul>\n<li><strong>PACCHETTO: PRIMA DELLA PARTEZA 150\u20ac<\/strong><br \/>\nTi aiuteremo a scegliere, tutti gli aspetti da seguire, prima di intraprendere un viaggio &#8220;fai da te&#8221; per avere tutto sotto controllo, dai trasporti, agli alloggiamenti fino all&#8217;assicurazione e alle carte di credito da utilizzare. Inizieremo con l&#8217;individuare le mete giuste, il periodo adatto, e ti seguiremo passo dopo passo a stilare il tuo itinerario, in base alle tue preferenze e al tuo stile. Noi ti daremo consigli in base alle nostre esperienze personali da viaggiatori &#8220;zaino in spalla&#8221;.<\/li>\n<li><strong>PACCHETTO: ASSISTENZA IN VIAGGIO 250\u20ac<\/strong><br \/>\nOltre a tutto quello elencato nel pacchetto &#8220;prima della partenza&#8221; verr\u00e0 aggiunta la assistenza durante il vostro viaggio. Non vi piace un posto? troveremo subito una soluzione alternativa, volete fermarvi un giorno in pi\u00f9 perch\u00e8 avete trovato il vostro posto nel mondo? Non c&#8217;\u00e8 problema si riadatta l&#8217;itinerario. Avete perso un autobus? troviamo assieme un&#8217;altra soluzione. Una cosa che abbiamo imparato in viaggio e che si pu\u00f2 programmare tutto dettagliatamente ma le cose non andranno mai come avevate immaginato, ci sar\u00e0 sempre qualche imprevisto, in questo caso noi saremo la vostra spalla.<\/li>\n<\/ul>\n<p>&nbsp;<\/p>\n\n<div class=\"wpcf7 no-js\" id=\"wpcf7-f6-o1\" lang=\"it-IT\" dir=\"ltr\" data-wpcf7-id=\"6\">\n<div class=\"screen-reader-response\"><p role=\"status\" aria-live=\"polite\" aria-atomic=\"true\"><\/p> <ul><\/ul><\/div>\n<form action=\"\/vivereviaggiando\/wp-json\/wp\/v2\/pages\/2063#wpcf7-f6-o1\" method=\"post\" class=\"wpcf7-form init\" aria-label=\"Modulo di contatto\" novalidate=\"novalidate\" data-status=\"init\">\n<div style=\"display: none;\">\n<input type=\"hidden\" name=\"_wpcf7\" value=\"6\" \/>\n<input type=\"hidden\" name=\"_wpcf7_version\" value=\"6.0.6\" \/>\n<input type=\"hidden\" name=\"_wpcf7_locale\" value=\"it_IT\" \/>\n<input type=\"hidden\" name=\"_wpcf7_unit_tag\" value=\"wpcf7-f6-o1\" \/>\n<input type=\"hidden\" name=\"_wpcf7_container_post\" value=\"0\" \/>\n<input type=\"hidden\" name=\"_wpcf7_posted_data_hash\" value=\"\" \/>\n<\/div>\n<p><label> Nome<br \/>\n<span class=\"wpcf7-form-control-wrap\" data-name=\"your-name\"><input size=\"40\" maxlength=\"400\" class=\"wpcf7-form-control wpcf7-text wpcf7-validates-as-required\" aria-required=\"true\" aria-invalid=\"false\" value=\"\" type=\"text\" name=\"your-name\" \/><\/span> <\/label>\n<\/p>\n<p><label> Email<br \/>\n<span class=\"wpcf7-form-control-wrap\" data-name=\"your-email\"><input size=\"40\" maxlength=\"400\" class=\"wpcf7-form-control wpcf7-email wpcf7-validates-as-required wpcf7-text wpcf7-validates-as-email\" aria-required=\"true\" aria-invalid=\"false\" value=\"\" type=\"email\" name=\"your-email\" \/><\/span> <\/label>\n<\/p>\n<p><label> Oggetto<br \/>\n<span class=\"wpcf7-form-control-wrap\" data-name=\"your-subject\"><input size=\"40\" maxlength=\"400\" class=\"wpcf7-form-control wpcf7-text wpcf7-validates-as-required\" aria-required=\"true\" aria-invalid=\"false\" value=\"\" type=\"text\" name=\"your-subject\" \/><\/span> <\/label>\n<\/p>\n<p><label> Messaggio<br \/>\n<span class=\"wpcf7-form-control-wrap\" data-name=\"your-message\"><textarea cols=\"40\" rows=\"10\" maxlength=\"2000\" class=\"wpcf7-form-control wpcf7-textarea wpcf7-validates-as-required\" aria-required=\"true\" aria-invalid=\"false\" name=\"your-message\"><\/textarea><\/span> <\/label><br \/>\n[recaptcha]<br \/>\n<input class=\"wpcf7-form-control wpcf7-submit has-spinner\" type=\"submit\" value=\"Send\" \/>\n<\/p><div class=\"wpcf7-response-output\" aria-hidden=\"true\"><\/div>\n<\/form>\n<\/div>\n\n","protected":false},"excerpt":{"rendered":"<p>Vuoi diventare\u00a0il nostro prossimo Viaggiatore? Entra nella nostra community. Leggi il nostro Articolo &#8220;vivere viaggiando&#8221; se ti rispecchi anche in solo uno dei nostri pensieri puoi continuare e compilare\u00a0il formulario qui sotto, indicando come oggetto: PROGETTO DI VIAGGIO\u00a0 \u00a0\u00a0REQUISITI: Il viaggio dovr\u00e0 durare pi\u00f9 o meno dai 3 mesi in su. Verranno accettati viaggi brevi <a class=\"read-more-link\" href=\"https:\/\/www.mondeando.com\/vivereviaggiando\/community\/\">Read More<\/a><\/p>\n","protected":false},"author":4,"featured_media":2097,"parent":0,"menu_order":0,"comment_status":"closed","ping_status":"closed","template":"","meta":{"footnotes":""},"class_list":["post-2063","page","type-page","status-publish","has-post-thumbnail","hentry"],"_links":{"self":[{"href":"https:\/\/www.mondeando.com\/vivereviaggiando\/wp-json\/wp\/v2\/pages\/2063","targetHints":{"allow":["GET"]}}],"collection":[{"href":"https:\/\/www.mondeando.com\/vivereviaggiando\/wp-json\/wp\/v2\/pages"}],"about":[{"href":"https:\/\/www.mondeando.com\/vivereviaggiando\/wp-json\/wp\/v2\/types\/page"}],"author":[{"embeddable":true,"href":"https:\/\/www.mondeando.com\/vivereviaggiando\/wp-json\/wp\/v2\/users\/4"}],"replies":[{"embeddable":true,"href":"https:\/\/www.mondeando.com\/vivereviaggiando\/wp-json\/wp\/v2\/comments?post=2063"}],"version-history":[{"count":12,"href":"https:\/\/www.mondeando.com\/vivereviaggiando\/wp-json\/wp\/v2\/pages\/2063\/revisions"}],"predecessor-version":[{"id":2941,"href":"https:\/\/www.mondeando.com\/vivereviaggiando\/wp-json\/wp\/v2\/pages\/2063\/revisions\/2941"}],"wp:featuredmedia":[{"embeddable":true,"href":"https:\/\/www.mondeando.com\/vivereviaggiando\/wp-json\/wp\/v2\/media\/2097"}],"wp:attachment":[{"href":"https:\/\/www.mondeando.com\/vivereviaggiando\/wp-json\/wp\/v2\/media?parent=2063"}],"curies":[{"name":"wp","href":"https:\/\/api.w.org\/{rel}","templated":true}]}}